{"id":60,"date":"2023-10-11T15:39:28","date_gmt":"2023-10-11T13:39:28","guid":{"rendered":"https:\/\/lamomonde.fr\/?page_id=60"},"modified":"2023-10-11T15:39:28","modified_gmt":"2023-10-11T13:39:28","slug":"historique-de-la-vallee","status":"publish","type":"page","link":"https:\/\/lamomonde.fr\/index.php\/historique-de-la-vallee\/","title":{"rendered":"HISTORIQUE DE LA VALL\u00c9E"},"content":{"rendered":"\n<p><strong>La source de la Sorgue<\/strong><\/p>\n\n\n\n<p><strong><em>Rivi\u00e8re du Sud Aveyron<\/em><\/strong><\/p>\n\n\n\n<p>La Sorgue est bien connue dans le Saint Affricain&nbsp;; sa vall\u00e9e est jalonn\u00e9e de villages qui la longent dans la \u00ab&nbsp;<em>Vall\u00e9e de la Sorgue<\/em> \u00bb Si sa course se termine au sud de Saint- Affrique, \u00e0 Vabres l\u2019Abbaye, en se jetant dans le Dourdou de Camar\u00e8s apr\u00e8s un parcours d\u2019une quarantaine de kilom\u00e8tres, le lieu de sa naissance est moins connu. Tout simplement \u00e0 un kilom\u00e8tre du hameau de Sorgue, vers Cornus o\u00f9 elle appara\u00eet jaillissant de la roche apr\u00e8s avoir d\u00e9j\u00e0 fait du chemin sous terre&nbsp;!<\/p>\n\n\n\n<p>Au pied du hameau Le Mas Raynal situ\u00e9 \u00e0 750 m d\u2019altitude, l\u2019eau de la Sorgue appara\u00eet \u00e0 une altitude de 578 m. Elle vient en fait de l&#8217;un des plus importants gouffres connus chez nous. La rivi\u00e8re souterraine coulant au fond de l&#8217;ab\u00eeme du Mas-Raynal est elle-m\u00eame aliment\u00e9e en eau par divers affluents que l&#8217;on a d\u00e9couverts au fond de multiples autres grottes et avens existant aux alentours. Cet ab\u00eeme a \u00e9t\u00e9 visit\u00e9 pour la premi\u00e8re fois par le c\u00e9l\u00e8bre <a href=\"http:\/\/www.vivreaupays.pro\/Annonces\/tabid\/81\/ProdID\/327\/Langauge\/fr-FR\/CatID\/17\/EDOUARD_ALFRED_MARTEL_INVENTEUR_DE_LA_SPELEOLOGIE.aspx\">\u00c9douard Alfred Martel<\/a> d\u00e8s 1885, puis explor\u00e9 en 1889 en compagnie de Gaupillat, Armand et Foulquier. Ils descendirent alors jusqu&#8217;\u00e0 103 m de profondeur.<\/p>\n\n\n\n<p>Cette source aurait \u00e9t\u00e9 l\u2019objet d\u2019un <strong>culte gallo &#8211; romain<\/strong>. De tr\u00e8s nombreuses monnaies romaines et poteries furent d\u00e9couvertes lors de travaux effectu\u00e9s pour capter la r\u00e9surgence&nbsp;<\/p>\n\n\n\n<figure class=\"wp-block-image size-full\"><img loading=\"lazy\" decoding=\"async\" width=\"334\" height=\"438\" src=\"https:\/\/lamomonde.fr\/wp-content\/uploads\/2023\/10\/TEXTE-HISTORIQUE.jpg\" alt=\"\" class=\"wp-image-61\" srcset=\"https:\/\/lamomonde.fr\/wp-content\/uploads\/2023\/10\/TEXTE-HISTORIQUE.jpg 334w, https:\/\/lamomonde.fr\/wp-content\/uploads\/2023\/10\/TEXTE-HISTORIQUE-229x300.jpg 229w\" sizes=\"auto, (max-width: 334px) 100vw, 334px\" \/><\/figure>\n\n\n\n<p>En 1920, c&#8217;est un particulier nomm\u00e9 Cr\u00e9mieu qui devient propri\u00e9taire de l&#8217;ab\u00eeme. Son but \u00e9tait de s&#8217;adonner \u00e0 des recherches en vue de l&#8217;utilisation de la force hydraulique souterraine. Un monte-charge \u00e0 moteur y fut m\u00eame install\u00e9. En 1923, Martel y revint pour y compl\u00e9ter ses observations. Quant aux travaux de M. Cr\u00e9mieu, ils ne furent jamais suivis d&#8217;effets.<\/p>\n\n\n\n<p><strong>Le ch\u00e2teau<\/strong><\/p>\n\n\n\n<p>Il y aurait eu un premier ch\u00e2teau aux XI<sup>e<\/sup> \u2013 XII<sup>e<\/sup> si\u00e8cles, peut \u00eatre b\u00e2ti pour prot\u00e9ger la grotte et sa source. Aux XIII<sup>e<\/sup> \u2013 XIV<sup>e<\/sup> si\u00e8cle, il \u00e9tait possession des Montpaon \u2013 Saint Maurice&nbsp;. Il passa ensuite par mariage aux Du Pont de Camar\u00e8s puis aux de Saint Beaulize, aux de Maureilhan puis aux Sambucy. Il fut reconstruit au XV<sup>e<\/sup> si\u00e8cle mais un \u00e9l\u00e9ment t\u00e9moin de l\u2019ancienne b\u00e2tisse est encore visible sur la fa\u00e7ade occidentale&nbsp;: une assise en \u00ab&nbsp;<em>opus spicatum<\/em>&nbsp;\u00bb, ou ar\u00eates de poissons, serait un vestige d\u2019un ancien donjon carr\u00e9. On peut y voir le blason. Il \u00e9tait propri\u00e9t\u00e9 r\u00e9cemment des Brugui\u00e8re pour \u00eatre enfin un \u00e9tablissement d&#8217;accueil de qualit\u00e9.<\/p>\n\n\n\n<figure class=\"wp-block-image size-full\"><img loading=\"lazy\" decoding=\"async\" width=\"371\" height=\"241\" src=\"https:\/\/lamomonde.fr\/wp-content\/uploads\/2023\/10\/SOURCE-SIECLE-DERNIER.jpg\" alt=\"\" class=\"wp-image-62\" srcset=\"https:\/\/lamomonde.fr\/wp-content\/uploads\/2023\/10\/SOURCE-SIECLE-DERNIER.jpg 371w, https:\/\/lamomonde.fr\/wp-content\/uploads\/2023\/10\/SOURCE-SIECLE-DERNIER-300x195.jpg 300w\" sizes=\"auto, (max-width: 371px) 100vw, 371px\" \/><\/figure>\n\n\n\n<p>Dans ses recherches sur les \u00e9tapes de l\u2019occupation humaine de la vall\u00e9e de la Sorgues, Jean Poujol, historien et arch\u00e9ologue, a d\u00e9j\u00e0 publi\u00e9 plusieurs monographies de villages : Saint-Caprazy, Versols-etLapeyre, Saint-Affrique, Vendeloves et Savignac. Dans la collection Carnet d\u2019histoire et d\u2019arch\u00e9ologie de la Soci\u00e9t\u00e9 arch\u00e9ologique du Rougier et des avant-causses (Sarac), il vient d\u2019\u00e9diter Sorgue en Aveyron (r\u00e9surgence, ch\u00e2teau, hameau) (47 pages, 12 \u20ac). Jean Poujol d\u00e9die cette monographie \u00e0 la m\u00e9moire d\u2019Aim\u00e9 Poughon d\u00e9c\u00e9d\u00e9 il y a peu : \u00ab C\u2019est un ancien cadre de l\u2019\u00e9cole EDF qui a fait partie des fondateurs de la Sarac. Il \u00e9tait passionn\u00e9 par tout ce qui est arch\u00e9ologie et histoire. Il est venu fouiller sur mes chantiers. \u00bb Dans son nouvel opus, Jean Poujol met Sorgues \u00e0 l\u2019honneur : \u00ab Sorgues a une particularit\u00e9. C\u2019est le nom de la r\u00e9surgence de la rivi\u00e8re qui na\u00eet au pied du plateau du Guillaumard. C\u2019est aussi le nom du ch\u00e2teau, et donc de la seigneurie du lieu. C\u2019est \u00e9galement le nom du petit village qui s\u2019\u00e9tale entre la r\u00e9surgence et le ch\u00e2teau. \u00bb Le site a \u00e9t\u00e9 occup\u00e9 primitivement entre 3000 ans et 2500 ans avant J\u00e9sus-Christ. Les deux grottes a\u00e9riennes qui surplombent la r\u00e9surgence ont livr\u00e9 la s\u00e9pulture d\u2019une vingtaine d\u2019individus qui y ont \u00e9t\u00e9 enterr\u00e9s \u00e0 ces \u00e9poques. \u00ab La r\u00e9surgence par elle-m\u00eame a fait l\u2019objet du culte de l\u2019eau \u00e0 la p\u00e9riode gallo-romaine, du 1er si\u00e8cle avant J\u00e9sus-Christ au 3e si\u00e8cle apr\u00e8s, explique l\u2019historien. On y a recueilli localeplus d\u2019un millier de monnaies, des offrandes faites \u00e0 la d\u00e9esse de l\u2019eau. Cela prouve qu\u2019il y avait d\u00e9j\u00e0 du monde \u00e0 cette \u00e9poque-l\u00e0 sur le secteur. Le m\u00eame culte a \u00e9t\u00e9 observ\u00e9 \u00e0 la source de Fondamente, actuellement canalis\u00e9e en fontaine, et \u00e0 celle de Saint-Rome-de-Berli\u00e8res. \u00bb Quant au ch\u00e2teau et au village de Sorgues, ils sont attest\u00e9s au 11e si\u00e8cle apr\u00e8s J\u00e9sus-Christ. On y trouve une famille de Sorgues en 1182. Au 13e si\u00e8cle, la maison de Saint-Maurice-de-Sorgues rach\u00e8te la seigneurie et en fait une baronnie. \u00ab Car le vieux chemin qui reliait l\u2019\u00e9v\u00each\u00e9 de Vabres \u00e0 celui de Lod\u00e8ve longeait la vall\u00e9e de la Sorgues et passait \u00e0 Sorgues m\u00eame, o\u00f9 on payait le p\u00e9age, indique l\u2019arch\u00e9ologue. Puis on montait sur Canals pour rejoindre aux Infruts, sur le Larzac, le grand chemin de Millau \u00e0 Lod\u00e8ve. \u00bb La baronnie de Sorgues passe ensuite \u00e0 la Maison du Pont de Camar\u00e8s. On est au 14e si\u00e8cle. Puis plusieurs familles ach\u00e8tent le ch\u00e2teau au fil des si\u00e8cles. Sorgues et Canals sont intimement li\u00e9s dans la seigneurie de Sorgues. Le premier village percevait les d\u00eemes et le champard, autrement dit, des taxes sur les terres et les r\u00e9coltes. La r\u00e9surgence a fait fonctionner le moulin du seigneur de Sorgues et les paysans \u00e9taient oblig\u00e9s de venir y faire moudre leurs graines. Au 19e si\u00e8cle, la r\u00e9surgence de la Sorgues a \u00e9t\u00e9 rachet\u00e9e par un industriel qui voulait faire de l\u2019\u00e9lectricit\u00e9. \u00ab Il a d\u00e9natur\u00e9 le site, a fait faillite et a laiss\u00e9 le tout en l\u2019\u00e9tat, pr\u00e9cise Jean Poujol. Avant d\u2019arriver au ch\u00e2teau, se trouve en contrebas de la route une pisciculture en activit\u00e9. \u00bb<\/p>\n\n\n\n<p><a href=\"http:\/\/www.lesamismoucheurs.com\/parcours-histoires\/histoires\/decouverte-de-la-sorgue-aveyron\">http:\/\/www.lesamismoucheurs.com\/parcours-histoires\/histoires\/decouverte-de-la-sorgue-aveyron<\/a><\/p>\n\n\n\n<p>Sorgues en Aveyron (r\u00e9surgence, ch\u00e2teau, hameau)&#8221; (47 pages, 12 \u20ac). Jean Poujol<\/p>\n","protected":false},"excerpt":{"rendered":"<p>La source de la Sorgue Rivi\u00e8re du Sud Aveyron La Sorgue est bien connue dans le Saint Affricain&nbsp;; sa vall\u00e9e est jalonn\u00e9e de villages qui &hellip;<\/p>\n","protected":false},"author":1,"featured_media":0,"parent":0,"menu_order":0,"comment_status":"closed","ping_status":"closed","template":"","meta":{"footnotes":""},"class_list":["post-60","page","type-page","status-publish","hentry"],"_links":{"self":[{"href":"https:\/\/lamomonde.fr\/index.php\/wp-json\/wp\/v2\/pages\/60","targetHints":{"allow":["GET"]}}],"collection":[{"href":"https:\/\/lamomonde.fr\/index.php\/wp-json\/wp\/v2\/pages"}],"about":[{"href":"https:\/\/lamomonde.fr\/index.php\/wp-json\/wp\/v2\/types\/page"}],"author":[{"embeddable":true,"href":"https:\/\/lamomonde.fr\/index.php\/wp-json\/wp\/v2\/users\/1"}],"replies":[{"embeddable":true,"href":"https:\/\/lamomonde.fr\/index.php\/wp-json\/wp\/v2\/comments?post=60"}],"version-history":[{"count":1,"href":"https:\/\/lamomonde.fr\/index.php\/wp-json\/wp\/v2\/pages\/60\/revisions"}],"predecessor-version":[{"id":63,"href":"https:\/\/lamomonde.fr\/index.php\/wp-json\/wp\/v2\/pages\/60\/revisions\/63"}],"wp:attachment":[{"href":"https:\/\/lamomonde.fr\/index.php\/wp-json\/wp\/v2\/media?parent=60"}],"curies":[{"name":"wp","href":"https:\/\/api.w.org\/{rel}","templated":true}]}}